{"id":387,"date":"2026-03-24T07:14:23","date_gmt":"2026-03-24T06:14:23","guid":{"rendered":"https:\/\/www.rqrmarketing.com\/?page_id=387"},"modified":"2026-03-24T07:14:24","modified_gmt":"2026-03-24T06:14:24","slug":"aviso-legal","status":"publish","type":"page","link":"https:\/\/www.rqrmarketing.com\/index.php\/aviso-legal\/","title":{"rendered":"Aviso Legal"},"content":{"rendered":"\n<h3>Datos identificativos<\/h3>\n\n\n\n<p>La empresa titular de <a href=\"https:\/\/martekbrain.com\">rqrmarketing.com<\/a> es RQR MARKETING, S.L., provisto con CIF B26631168 y domicilio fiscal en c\/ Federica Montseny, 3, 2\u00ba2\u00aa &#8211; 08232 Viladecavalls, Barcelona.<\/p>\n\n\n\n<h3>Propiedad intelectual de la web<\/h3>\n\n\n\n<p>Todos los derechos de propiedad intelectual del contenido de esta p\u00e1gina web, dise\u00f1o gr\u00e1fico, c\u00f3digos fuente, textos, im\u00e1genes, sonidos, animaciones, software y el resto de contenido incluidos en este website, son propiedad exclusiva de martekbrain.com o sus licenciantes\/titulares.<\/p>\n\n\n\n<p>Cualquier acto de transmisi\u00f3n, distribuci\u00f3n, cesi\u00f3n, reproducci\u00f3n, almacenamiento o comunicaci\u00f3n p\u00fablica total o parcial, debe contar con el consentimiento expreso de RQR MARKETING, S.L..<\/p>\n\n\n\n<p>Todos los nombres comerciales, marcas o signos distintivos de cualquier clase contenidos en este sitio web est\u00e1n protegidos por ley.<\/p>\n\n\n\n<h3>Contenido de la web y enlaces<\/h3>\n\n\n\n<p>Con los l\u00edmites establecidos en la ley, <a href=\"https:\/\/www.rqrmarketing.com\"><a href=\"https:\/\/martekbrain.com\/\">rqrmarketing.com<\/a><\/a>, o sus licenciantes\/titulares, no asume ninguna responsabilidad derivada de la falta de veracidad, integridad, actualizaci\u00f3n y precisi\u00f3n de los datos o informaciones que se contienen en sus p\u00e1ginas de internet, siendo exclusiva responsabilidad de la persona que accede a estos contenidos y\/o los utiliza.<\/p>\n\n\n\n<p>La p\u00e1gina de <a href=\"https:\/\/www.rqrmarketing.com\"><a href=\"https:\/\/martekbrain.com\/\">rqrmarketing.com<\/a><\/a> puede contener enlaces (links) a otras p\u00e1ginas de terceras partes que <a href=\"https:\/\/www.rqrmarketing.com\"><a href=\"https:\/\/martekbrain.com\/\">rqrmarketing.com<\/a><\/a>, o sus licenciantes\/titulares, no puede controlar. Por lo tanto, <a href=\"https:\/\/www.rqrmarketing.com\"><a href=\"https:\/\/martekbrain.com\/\">rqrmarketing.com<\/a><\/a>, o sus licenciantes\/titulares, no puede asumir responsabilidades por el contenido que pueda aparecer en p\u00e1ginas de terceros.<\/p>\n\n\n\n<p>Asimismo, para acceder a algunos de los servicios que <a href=\"https:\/\/www.rqrmarketing.com\">rqrmarketing.com<\/a> ofrece a trav\u00e9s del website, el usuario deber\u00e1 proporcionar algunos datos de car\u00e1cter personal. En cumplimiento de lo establecido en el Reglamento (UE) 2016\/679 del Parlamento Europeo y del Consejo, de 27 de abril de 2016, relativo\u00a0 a la protecci\u00f3n de las personas f\u00edsicas en lo que respecta al tratamiento de datos personales y a la libre circulaci\u00f3n de estos datos, le informamos que, mediante la cumplimentaci\u00f3n de los presentes formularios, sus datos personales quedar\u00e1n incorporados y ser\u00e1n tratados en los ficheros de <a href=\"https:\/\/www.rqrmarketing.com\">rqrmarketing.com<\/a> con el fin de poderle prestar y ofrecer nuestros servicios as\u00ed como para informarle de las mejoras del sitio web. Asimismo, le informamos de la posibilidad de que ejerza los derechos de acceso, rectificaci\u00f3n, cancelaci\u00f3n y oposici\u00f3n de sus datos de car\u00e1cter personal, mediante un email a <a rel=\"noreferrer noopener\" href=\"mailto:webmaster@rqrmarketing.com\" target=\"_blank\">webmaster@martketin<\/a><a href=\"mailto:webmaster@rqrmarketing.com\" target=\"_blank\" rel=\"noreferrer noopener\">g<\/a><a rel=\"noreferrer noopener\" href=\"mailto:webmaster@rqrmarketing.com\" target=\"_blank\">.com<\/a><\/p>\n\n\n\n<h3>Intercambio o difusi\u00f3n de informaci\u00f3n<\/h3>\n\n\n\n<p><a href=\"https:\/\/martekbrain.com\">rqrmarketing.com<\/a> declina toda responsabilidad que se derive del intercambio de informaci\u00f3n entre usuarios a trav\u00e9s de su p\u00e1gina web. Especialmente, no nos hacemos responsables del uso que los menores puedan hacer de la misma en caso de que los contenidos a los se acceda puedan herir la sensibilidad de \u00e9stos.<\/p>\n\n\n\n<h3>Actualizaci\u00f3n y modificaci\u00f3n de la p\u00e1gina web<\/h3>\n\n\n\n<p><strong><a href=\"https:\/\/www.rqrmarketing.com\">rqrmarketing.com<\/a><\/strong> se reserva el derecho a actualizar, modificar o eliminar la informaci\u00f3n contenida en su sitio web y servicios y, la configuraci\u00f3n o prestaci\u00f3n de \u00e9stos, en cualquier momento, sin previo aviso y sin asumir responsabilidad alguna por ello.<\/p>\n\n\n\n<h3>Indicaciones sobre aspectos t\u00e9cnicos<\/h3>\n\n\n\n<p><a href=\"https:\/\/www.rqrmarketing.com\">rqrmarketing.com<\/a> no asume ninguna responsabilidad que se pueda derivar de problemas t\u00e9cnico o fallos en los equipos inform\u00e1ticos no imputables a nuestra Sociedad y que se produzcan durante la conexi\u00f3n a internet, as\u00ed como de da\u00f1os que pudieran ser causados por tercera personas mediante intromisiones ileg\u00edtimas fuera de nuestra control.<\/p>\n\n\n\n<h3>Errores tipogr\u00e1ficos<\/h3>\n\n\n\n<p><strong><a href=\"https:\/\/martekbrain.com\">rqrmarketing.com<\/a><\/strong> no se hace responsable de los errores tipogr\u00e1ficos en precios, promociones, ofertas, tarjetas regalo promocionales o condiciones promocionales en general. En el caso de que en alg\u00fan momento se produjera un error de este tipo, ajeno en todo momento a la voluntad de <a href=\"https:\/\/martekbrain.com\">rqrmarketing.com<\/a>, se proceder\u00eda inmediatamente a su correcci\u00f3n. De existir un erro tipogr\u00e1fico en alguno de los precios y\/o promociones mostrados y alg\u00fan cliente hubiera tomado una decisi\u00f3n de compra basada en dicho error, le comunicaremos dicho error y el cliente tendr\u00e1 derecho a rescindir su compra sin ning\u00fan coste por su parte.<\/p>\n\n\n\n<h3>Legislaci\u00f3n y Jurisdicci\u00f3n<\/h3>\n\n\n\n<p>Las presentes condiciones generales se interpretar\u00e1n conforme a la legislaci\u00f3n vigente en Espa\u00f1a en la materia, que aplicar\u00e1 subsidiariamente en todo lo que no se haya prevista en las mismas (b\u00e1sicamente Ley 34\/2002 de 11 de junio de Servicios de la Informaci\u00f3n y Comercio Electr\u00f3nico).<\/p>\n","protected":false},"excerpt":{"rendered":"<p>Datos identificativos La empresa titular de rqrmarketing.com es RQR MARKETING, S.L., provisto con CIF B26631168 y domicilio fiscal en c\/ Federica Montseny, 3, 2\u00ba2\u00aa &#8211; 08232 Viladecavalls, Barcelona. Propiedad intelectual de la web Todos los derechos de propiedad intelectual del contenido de esta p\u00e1gina web, dise\u00f1o gr\u00e1fico, c\u00f3digos fuente, textos, im\u00e1genes, sonidos, animaciones, software y&hellip;&nbsp;<a href=\"https:\/\/www.rqrmarketing.com\/index.php\/aviso-legal\/\" rel=\"bookmark\">Leer m\u00e1s &raquo;<span class=\"screen-reader-text\">Aviso Legal<\/span><\/a><\/p>\n","protected":false},"author":1,"featured_media":0,"parent":0,"menu_order":0,"comment_status":"closed","ping_status":"closed","template":"","meta":{"neve_meta_sidebar":"","neve_meta_container":"","neve_meta_enable_content_width":"","neve_meta_content_width":0,"neve_meta_title_alignment":"","neve_meta_author_avatar":"","neve_post_elements_order":"","neve_meta_disable_header":"","neve_meta_disable_footer":"","neve_meta_disable_title":""},"_links":{"self":[{"href":"https:\/\/www.rqrmarketing.com\/index.php\/wp-json\/wp\/v2\/pages\/387"}],"collection":[{"href":"https:\/\/www.rqrmarketing.com\/index.php\/wp-json\/wp\/v2\/pages"}],"about":[{"href":"https:\/\/www.rqrmarketing.com\/index.php\/wp-json\/wp\/v2\/types\/page"}],"author":[{"embeddable":true,"href":"https:\/\/www.rqrmarketing.com\/index.php\/wp-json\/wp\/v2\/users\/1"}],"replies":[{"embeddable":true,"href":"https:\/\/www.rqrmarketing.com\/index.php\/wp-json\/wp\/v2\/comments?post=387"}],"version-history":[{"count":1,"href":"https:\/\/www.rqrmarketing.com\/index.php\/wp-json\/wp\/v2\/pages\/387\/revisions"}],"predecessor-version":[{"id":388,"href":"https:\/\/www.rqrmarketing.com\/index.php\/wp-json\/wp\/v2\/pages\/387\/revisions\/388"}],"wp:attachment":[{"href":"https:\/\/www.rqrmarketing.com\/index.php\/wp-json\/wp\/v2\/media?parent=387"}],"curies":[{"name":"wp","href":"https:\/\/api.w.org\/{rel}","templated":true}]}}